{"id":174,"date":"2023-06-29T03:22:25","date_gmt":"2023-06-29T01:22:25","guid":{"rendered":"https:\/\/indigo-salamander-791755.hostingersite.com\/?page_id=174"},"modified":"2023-06-29T03:22:25","modified_gmt":"2023-06-29T01:22:25","slug":"datenschutzbestimmungen","status":"publish","type":"page","link":"https:\/\/perrolobo.org\/de\/datenschutzbestimmungen\/","title":{"rendered":"Datenschutzbestimmungen"},"content":{"rendered":"<h3 class=\"wp-block-heading\">I. DATENSCHUTZ UND DATENSCHUTZPOLITIK<\/h3>\n\n\n\n<p class=\"wp-block-paragraph\">In \u00dcbereinstimmung mit der geltenden Gesetzgebung verpflichtet sich PerroLobo (im Folgenden auch Website), die notwendigen technischen und organisatorischen Ma\u00dfnahmen zu ergreifen, die dem Risiko der erhobenen Daten angemessen sind.<\/p>\n\n\n\n<h4 class=\"wp-block-heading\">Gesetze, die in diese Datenschutzrichtlinie aufgenommen wurden<\/h4>\n\n\n\n<p class=\"wp-block-paragraph\">Diese Datenschutzpolitik ist an die aktuelle spanische und europ\u00e4ische Gesetzgebung zum Schutz pers\u00f6nlicher Daten im Internet angepasst. Sie beachtet insbesondere die folgenden Regeln:<\/p>\n\n\n\n<ul class=\"wp-block-list\">\n<li>Verordnung (EU) 2016\/679 des Europ\u00e4ischen Parlaments und des Rates vom 27. April 2016 zum Schutz nat\u00fcrlicher Personen bei der Verarbeitung personenbezogener Daten und zum freien Datenverkehr (GDPR).<\/li>\n\n\n\n<li>Organgesetz 3\/2018 vom 5. Dezember \u00fcber den Schutz personenbezogener Daten und die Gew\u00e4hrleistung der digitalen Rechte (LOPD-GDD).<\/li>\n\n\n\n<li>K\u00f6niglicher Erlass 1720\/2007 vom 21. Dezember zur Verabschiedung der Verordnung zur Durchf\u00fchrung des Organgesetzes 15\/1999 vom 13. Dezember \u00fcber den Schutz personenbezogener Daten (RDLOPD).<\/li>\n\n\n\n<li>Gesetz 34\/2002 vom 11. Juli \u00fcber die Dienste der Informationsgesellschaft und den elektronischen Handel (LSSI-CE).<\/li>\n<\/ul>\n\n\n\n<h4 class=\"wp-block-heading\">Identit\u00e4t des f\u00fcr die Verarbeitung der personenbezogenen Daten Verantwortlichen<\/h4>\n\n\n\n<p class=\"wp-block-paragraph\">Der Verantwortliche f\u00fcr die Verarbeitung der von PerroLobo gesammelten personenbezogenen Daten ist: xxxnombretitularxxx, mit NIF: Nicht zutreffend (im Folgenden: Datenverantwortlicher). Seine Kontaktdaten lauten wie folgt:<\/p>\n\n\n\n<p class=\"wp-block-paragraph\">Adresse: Nicht zutreffend<\/p>\n\n\n\n<p class=\"wp-block-paragraph\">Kontakttelefon: Nicht zutreffend<\/p>\n\n\n\n<p class=\"wp-block-paragraph\">E-Mail-Kontakt: contacto@indigo-salamander-791755.hostingersite.com<\/p>\n\n\n\n<h4 class=\"wp-block-heading\">Register der personenbezogenen Daten<\/h4>\n\n\n\n<p class=\"wp-block-paragraph\">In \u00dcbereinstimmung mit den Bestimmungen der RGPD und der LOPD-GDD informieren wir Sie dar\u00fcber, dass die von PerroLobo \u00fcber die Formulare auf ihren Seiten erhobenen personenbezogenen Daten in unsere Datei aufgenommen und verarbeitet werden, um die zwischen PerroLobo und dem Nutzer eingegangenen Verpflichtungen zu erleichtern, zu beschleunigen und zu erf\u00fcllen oder um die in den vom Nutzer ausgef\u00fcllten Formularen festgelegte Beziehung aufrechtzuerhalten oder um eine Anfrage oder einen Antrag des Nutzers zu erf\u00fcllen. Ebenso wird gem\u00e4\u00df den Bestimmungen der RGPD und der LOPD-GDD, sofern nicht die in Artikel 30.5 der RGPD vorgesehene Ausnahme zutrifft, ein Verzeichnis der Verarbeitungst\u00e4tigkeiten gef\u00fchrt, in dem je nach Zweck die durchgef\u00fchrten Verarbeitungst\u00e4tigkeiten und die anderen in der RGPD festgelegten Umst\u00e4nde aufgef\u00fchrt sind.<\/p>\n\n\n\n<h4 class=\"wp-block-heading\">F\u00fcr die Verarbeitung personenbezogener Daten geltende Grunds\u00e4tze<\/h4>\n\n\n\n<p class=\"wp-block-paragraph\">Die Verarbeitung der personenbezogenen Daten des Nutzers unterliegt den folgenden Grunds\u00e4tzen, die in Artikel 5 der RGPD und in den Artikeln 4 und folgende des Organgesetzes 3\/2018 vom 5. Dezember \u00fcber den Schutz personenbezogener Daten und die Gew\u00e4hrleistung der digitalen Rechte festgelegt sind:<\/p>\n\n\n\n<ul class=\"wp-block-list\">\n<li>Grundsatz der Rechtm\u00e4\u00dfigkeit, Fairness und Transparenz: Die Zustimmung des Nutzers ist jederzeit nach vollst\u00e4ndiger und transparenter Information \u00fcber die Zwecke, f\u00fcr die die personenbezogenen Daten erhoben werden, erforderlich.<\/li>\n\n\n\n<li>Grundsatz der Zweckbindung: Personenbezogene Daten werden f\u00fcr festgelegte, eindeutige und rechtm\u00e4\u00dfige Zwecke erhoben.<\/li>\n\n\n\n<li>Grundsatz der Datenminimierung: Es werden nur die personenbezogenen Daten erhoben, die f\u00fcr die Zwecke, f\u00fcr die sie verarbeitet werden, unbedingt erforderlich sind.<\/li>\n\n\n\n<li>Grundsatz der sachlichen Richtigkeit: Personenbezogene Daten m\u00fcssen sachlich richtig und stets auf dem neuesten Stand sein.<\/li>\n\n\n\n<li>Grundsatz der Begrenzung der Speicherdauer: Personenbezogene Daten werden nur in einer Form gespeichert, die die Identifizierung des Nutzers f\u00fcr den Zeitraum erm\u00f6glicht, der f\u00fcr die Zwecke ihrer Verarbeitung erforderlich ist.<\/li>\n\n\n\n<li>Grundsatz der Integrit\u00e4t und Vertraulichkeit: Personenbezogene Daten sind so zu verarbeiten, dass ihre Sicherheit und Vertraulichkeit gew\u00e4hrleistet ist.<\/li>\n\n\n\n<li>Grundsatz der proaktiven Rechenschaftspflicht: Der f\u00fcr die Verarbeitung Verantwortliche ist daf\u00fcr zust\u00e4ndig, dass die oben genannten Grunds\u00e4tze eingehalten werden.<\/li>\n<\/ul>\n\n\n\n<h4 class=\"wp-block-heading\">Kategorien von personenbezogenen Daten<\/h4>\n\n\n\n<p class=\"wp-block-paragraph\">Bei den von PerroLobo verarbeiteten Datenkategorien handelt es sich ausschlie\u00dflich um Identifikationsdaten. Unter keinen Umst\u00e4nden werden besondere Kategorien personenbezogener Daten im Sinne von Artikel 9 der Datenschutz-Grundverordnung verarbeitet.<\/p>\n\n\n\n<h4 class=\"wp-block-heading\">Rechtsgrundlage f\u00fcr die Verarbeitung von personenbezogenen Daten<\/h4>\n\n\n\n<p class=\"wp-block-paragraph\">Die Rechtsgrundlage f\u00fcr die Verarbeitung personenbezogener Daten ist die Einwilligung. PerroLobo verpflichtet sich, die ausdr\u00fcckliche und \u00fcberpr\u00fcfbare Zustimmung des Nutzers f\u00fcr die Verarbeitung seiner personenbezogenen Daten f\u00fcr einen oder mehrere bestimmte Zwecke einzuholen.<\/p>\n\n\n\n<p class=\"wp-block-paragraph\">Der Nutzer hat das Recht, seine Einwilligung jederzeit zu widerrufen. Der Widerruf der Einwilligung muss genauso einfach sein wie die Erteilung der Einwilligung. In der Regel darf der Widerruf der Zustimmung die Nutzung der Website nicht beeintr\u00e4chtigen.<\/p>\n\n\n\n<p class=\"wp-block-paragraph\">In den F\u00e4llen, in denen der Nutzer seine Daten \u00fcber Formulare angeben muss oder kann, um Anfragen zu stellen, Informationen anzufordern oder aus Gr\u00fcnden, die mit dem Inhalt der Website zusammenh\u00e4ngen, wird er dar\u00fcber informiert, wenn das Ausf\u00fcllen eines dieser Formulare obligatorisch ist, weil es f\u00fcr die korrekte Abwicklung der durchgef\u00fchrten Operation unerl\u00e4sslich ist.<\/p>\n\n\n\n<h4 class=\"wp-block-heading\">Zwecke der Verarbeitung, f\u00fcr die die personenbezogenen Daten verwendet werden<\/h4>\n\n\n\n<p class=\"wp-block-paragraph\">Die pers\u00f6nlichen Daten werden von PerroLobo gesammelt und verwaltet, um die zwischen der Website und dem Nutzer eingegangenen Verpflichtungen zu erleichtern, zu beschleunigen und zu erf\u00fcllen oder um die Beziehung aufrechtzuerhalten, die durch die vom Nutzer ausgef\u00fcllten Formulare entstanden ist, oder um eine Anfrage oder einen Antrag zu beantworten.<\/p>\n\n\n\n<p class=\"wp-block-paragraph\">Ebenso k\u00f6nnen die Daten f\u00fcr kommerzielle, personalisierte, betriebliche und statistische Zwecke sowie f\u00fcr Aktivit\u00e4ten im Zusammenhang mit dem Unternehmenszweck von PerroLobo und f\u00fcr die Gewinnung und Speicherung von Daten und Marketingstudien zur Anpassung der dem Nutzer angebotenen Inhalte sowie zur Verbesserung der Qualit\u00e4t, des Betriebs und der Navigation der Website verwendet werden.<\/p>\n\n\n\n<p class=\"wp-block-paragraph\">Zum Zeitpunkt der Erhebung der personenbezogenen Daten wird der Nutzer \u00fcber den\/die spezifischen Zweck(e) der Verarbeitung informiert, f\u00fcr den\/die die personenbezogenen Daten verwendet werden, d. h. \u00fcber die Verwendung(en), f\u00fcr die die erhobenen Informationen genutzt werden.<\/p>\n\n\n\n<h4 class=\"wp-block-heading\">Aufbewahrungsfristen f\u00fcr personenbezogene Daten<\/h4>\n\n\n\n<p class=\"wp-block-paragraph\">Personenbezogene Daten werden nur so lange aufbewahrt, wie es f\u00fcr die Zwecke ihrer Verarbeitung erforderlich ist, und in jedem Fall nur f\u00fcr den folgenden Zeitraum: 12 Monate oder bis der Nutzer ihre L\u00f6schung beantragt.<\/p>\n\n\n\n<p class=\"wp-block-paragraph\">Zum Zeitpunkt der Erhebung der personenbezogenen Daten wird der Nutzer \u00fcber den Zeitraum informiert, f\u00fcr den die personenbezogenen Daten aufbewahrt werden, oder, falls dies nicht m\u00f6glich ist, \u00fcber die Kriterien, nach denen dieser Zeitraum festgelegt wird.<\/p>\n\n\n\n<h4 class=\"wp-block-heading\">Empf\u00e4nger von personenbezogenen Daten<\/h4>\n\n\n\n<p class=\"wp-block-paragraph\">Die pers\u00f6nlichen Daten des Nutzers werden nicht an Dritte weitergegeben.<\/p>\n\n\n\n<p class=\"wp-block-paragraph\">In jedem Fall wird der Nutzer zum Zeitpunkt der Erhebung der personenbezogenen Daten \u00fcber die Empf\u00e4nger oder Kategorien von Empf\u00e4ngern der personenbezogenen Daten informiert.<\/p>\n\n\n\n<h4 class=\"wp-block-heading\">Personenbezogene Daten von Minderj\u00e4hrigen<\/h4>\n\n\n\n<p class=\"wp-block-paragraph\">Gem\u00e4\u00df den Bestimmungen der Artikel 8 der DSGVO und 7 des Organgesetzes 3\/2018 vom 5. Dezember \u00fcber den Schutz personenbezogener Daten und die Gew\u00e4hrleistung digitaler Rechte k\u00f6nnen nur Personen \u00fcber 14 Jahren ihre Zustimmung zur rechtm\u00e4\u00dfigen Verarbeitung ihrer personenbezogenen Daten durch PerroLobo geben. Im Falle von Kindern unter 14 Jahren ist die Zustimmung der Eltern oder Erziehungsberechtigten f\u00fcr die Verarbeitung erforderlich, und die Verarbeitung wird nur als rechtm\u00e4\u00dfig angesehen, wenn die Eltern oder Erziehungsberechtigten ihre Zustimmung gegeben haben.<\/p>\n\n\n\n<h4 class=\"wp-block-heading\">Geheimhaltung und Sicherheit der personenbezogenen Daten<\/h4>\n\n\n\n<p class=\"wp-block-paragraph\">PerroLobo verpflichtet sich, die notwendigen technischen und organisatorischen Ma\u00dfnahmen zu ergreifen, die dem Risiko der erhobenen Daten angemessen sind, um die Sicherheit der personenbezogenen Daten zu gew\u00e4hrleisten und die versehentliche oder unrechtm\u00e4\u00dfige Zerst\u00f6rung, den Verlust oder die Ver\u00e4nderung der \u00fcbermittelten, gespeicherten oder anderweitig verarbeiteten personenbezogenen Daten sowie die unbefugte Weitergabe oder den unbefugten Zugriff auf diese Daten zu verhindern.<\/p>\n\n\n\n<p class=\"wp-block-paragraph\">Die Website verf\u00fcgt \u00fcber ein SSL-Zertifikat (Secure Socket Layer), das die sichere und vertrauliche \u00dcbermittlung personenbezogener Daten gew\u00e4hrleistet, da die Daten\u00fcbertragung zwischen dem Server und dem Nutzer vollst\u00e4ndig verschl\u00fcsselt oder verschl\u00fcsselt wird.<\/p>\n\n\n\n<p class=\"wp-block-paragraph\">Da PerroLobo jedoch weder die Uneinnehmbarkeit des Internets noch die v\u00f6llige Abwesenheit von Hackern oder anderen Personen, die in betr\u00fcgerischer Absicht auf personenbezogene Daten zugreifen, garantieren kann, verpflichtet sich der f\u00fcr die Verarbeitung Verantwortliche, den Nutzer unverz\u00fcglich zu benachrichtigen, wenn eine Verletzung der Sicherheit personenbezogener Daten auftritt, die wahrscheinlich ein hohes Risiko f\u00fcr die Rechte und Freiheiten nat\u00fcrlicher Personen zur Folge hat. Gem\u00e4\u00df Artikel 4 der Datenschutz-Grundverordnung ist eine Verletzung der Sicherheit personenbezogener Daten jede Verletzung der Sicherheit, die zur zuf\u00e4lligen oder unrechtm\u00e4\u00dfigen Zerst\u00f6rung, zum Verlust oder zur Ver\u00e4nderung von \u00fcbermittelten, gespeicherten oder anderweitig verarbeiteten personenbezogenen Daten oder zur unbefugten Weitergabe von oder zum unbefugten Zugang zu solchen Daten f\u00fchrt.<\/p>\n\n\n\n<p class=\"wp-block-paragraph\">Der f\u00fcr die Verarbeitung Verantwortliche behandelt die personenbezogenen Daten vertraulich und verpflichtet sich, seine Mitarbeiter, Partner und alle anderen Personen, denen er die Informationen zug\u00e4nglich macht, dar\u00fcber zu informieren und durch eine gesetzliche oder vertragliche Verpflichtung sicherzustellen, dass diese Vertraulichkeit gewahrt bleibt.<\/p>\n\n\n\n<h4 class=\"wp-block-heading\">Rechte, die sich aus der Verarbeitung von personenbezogenen Daten ergeben<\/h4>\n\n\n\n<p class=\"wp-block-paragraph\">Der Nutzer hat gegen\u00fcber PerroLobo die folgenden Rechte, die in der RGPD und dem Organgesetz 3\/2018 vom 5. Dezember \u00fcber den Schutz personenbezogener Daten und die Gew\u00e4hrleistung digitaler Rechte anerkannt sind, und kann diese daher gegen\u00fcber dem Datenverantwortlichen geltend machen:<\/p>\n\n\n\n<ul class=\"wp-block-list\">\n<li><em>Recht auf Zugang:<\/em>&nbsp;Der Nutzer hat das Recht, eine Best\u00e4tigung dar\u00fcber zu erhalten, ob PerroLobo seine personenbezogenen Daten verarbeitet oder nicht, und wenn ja, Informationen \u00fcber seine spezifischen personenbezogenen Daten und die von PerroLobo durchgef\u00fchrten oder geplanten Verarbeitungen zu erhalten, sowie unter anderem die verf\u00fcgbaren Informationen \u00fcber die Herkunft dieser Daten und die Empf\u00e4nger der f\u00fcr diese Daten durchgef\u00fchrten oder geplanten Mitteilungen.<\/li>\n\n\n\n<li><em>Recht auf Berichtigung:<\/em>&nbsp;Dies ist das Recht des Nutzers, seine personenbezogenen Daten \u00e4ndern zu lassen, wenn sie sich als unrichtig oder im Hinblick auf den Zweck der Verarbeitung als unvollst\u00e4ndig erweisen.<\/li>\n\n\n\n<li><em>Recht auf L\u00f6schung (\"Recht auf Vergessenwerden\"):<\/em>&nbsp;Sofern gesetzlich nicht anders vorgesehen, hat der Nutzer das Recht, die L\u00f6schung seiner personenbezogenen Daten zu verlangen, wenn diese f\u00fcr die Zwecke, f\u00fcr die sie erhoben oder verarbeitet wurden, nicht mehr erforderlich sind, wenn der Nutzer seine Einwilligung zu der Verarbeitung widerrufen hat und es keine andere rechtm\u00e4\u00dfige Grundlage f\u00fcr die Verarbeitung gibt; der Nutzer Widerspruch gegen die Verarbeitung einlegt und kein anderer rechtm\u00e4\u00dfiger Grund f\u00fcr die Fortsetzung der Verarbeitung vorliegt; die personenbezogenen Daten unrechtm\u00e4\u00dfig verarbeitet wurden; die personenbezogenen Daten aufgrund einer rechtlichen Verpflichtung gel\u00f6scht werden m\u00fcssen; oder die personenbezogenen Daten aufgrund eines Direktangebots von Diensten der Informationsgesellschaft an ein Kind unter 14 Jahren erhoben wurden. Zus\u00e4tzlich zur L\u00f6schung ergreift der f\u00fcr die Verarbeitung Verantwortliche unter Ber\u00fccksichtigung der verf\u00fcgbaren Technologie und der Kosten ihrer Umsetzung angemessene Ma\u00dfnahmen, um die f\u00fcr die Verarbeitung Verantwortlichen, die die personenbezogenen Daten verarbeiten, \u00fcber den Antrag der betroffenen Person auf L\u00f6schung aller Verkn\u00fcpfungen mit diesen personenbezogenen Daten zu informieren.<\/li>\n\n\n\n<li><em>Recht auf Einschr\u00e4nkung der Verarbeitung:<\/em>&nbsp;Dies ist das Recht des Nutzers, die Verarbeitung seiner personenbezogenen Daten einzuschr\u00e4nken. Der Nutzer hat das Recht, die Einschr\u00e4nkung der Verarbeitung zu erwirken, wenn er die Richtigkeit seiner personenbezogenen Daten bestreitet, die Verarbeitung unrechtm\u00e4\u00dfig ist, der f\u00fcr die Verarbeitung Verantwortliche die personenbezogenen Daten nicht mehr ben\u00f6tigt, der Nutzer sie aber zur Geltendmachung von Anspr\u00fcchen ben\u00f6tigt, und wenn der Nutzer der Verarbeitung widersprochen hat.<\/li>\n\n\n\n<li><em>Recht auf Daten\u00fcbertragbarkeit:<\/em>&nbsp;Im Falle einer automatisierten Verarbeitung hat der Nutzer das Recht, von dem f\u00fcr die Verarbeitung Verantwortlichen seine personenbezogenen Daten in einem strukturierten, g\u00e4ngigen und maschinenlesbaren Format zu erhalten und sie einem anderen f\u00fcr die Verarbeitung Verantwortlichen zu \u00fcbermitteln. Soweit technisch machbar, \u00fcbermittelt der f\u00fcr die Verarbeitung Verantwortliche die Daten direkt an diesen anderen f\u00fcr die Verarbeitung Verantwortlichen.<\/li>\n\n\n\n<li><em>Recht auf Widerspruch:<\/em>&nbsp;Dies ist das Recht des Nutzers, die Verarbeitung seiner pers\u00f6nlichen Daten zu verweigern oder die Verarbeitung durch PerroLobo zu unterbinden.<\/li>\n\n\n\n<li><em>Das Recht, keiner Entscheidung unterworfen zu werden, die ausschlie\u00dflich auf einer automatisierten Verarbeitung, einschlie\u00dflich Profiling, beruht:<\/em>&nbsp;Dies ist das Recht des Nutzers, keiner individualisierten Entscheidung unterworfen zu werden, die ausschlie\u00dflich auf einer automatisierten Verarbeitung seiner personenbezogenen Daten beruht, einschlie\u00dflich Profiling, es sei denn, das Gesetz sieht etwas anderes vor.<\/li>\n<\/ul>\n\n\n\n<p class=\"wp-block-paragraph\">Daher kann der Nutzer seine Rechte durch eine schriftliche Mitteilung an den f\u00fcr die Datenverarbeitung Verantwortlichen mit dem Vermerk \"RGPD-perrolobo.org\" unter Angabe des Namens aus\u00fcben:<\/p>\n\n\n\n<ul class=\"wp-block-list\">\n<li>Name, Nachname(n) des Nutzers und Kopie des Personalausweises. In den F\u00e4llen, in denen eine Vertretung zul\u00e4ssig ist, muss auch die Person, die den Nutzer vertritt, mit denselben Mitteln identifiziert werden, ebenso wie das Dokument, das die Vertretung best\u00e4tigt. Die Fotokopie des DNI kann durch jedes andere rechtsg\u00fcltige Mittel ersetzt werden, das die Identit\u00e4t best\u00e4tigt.<\/li>\n\n\n\n<li>Antrag mit spezifischen Gr\u00fcnden f\u00fcr den Antrag oder die Informationen, auf die zugegriffen werden soll.<\/li>\n\n\n\n<li>Anschrift f\u00fcr die Zustellung von Mitteilungen.<\/li>\n\n\n\n<li>Datum und Unterschrift des Antragstellers.<\/li>\n\n\n\n<li>Alle Dokumente, die den Antrag belegen.<\/li>\n<\/ul>\n\n\n\n<p class=\"wp-block-paragraph\">Diese Bewerbung und alle beigef\u00fcgten Unterlagen k\u00f6nnen an die folgende Adresse und\/oder E-Mail-Adresse geschickt werden:<\/p>\n\n\n\n<p class=\"wp-block-paragraph\">Postanschrift: Nicht zutreffend<\/p>\n\n\n\n<p class=\"wp-block-paragraph\">E-Mail: contacto@indigo-salamander-791755.hostingersite.com<\/p>\n\n\n\n<h4 class=\"wp-block-heading\">Links zu Websites Dritter<\/h4>\n\n\n\n<p class=\"wp-block-paragraph\">Die Website kann Hyperlinks oder Links enthalten, die den Zugang zu anderen Websites als denen von PerroLobo erm\u00f6glichen und daher nicht von PerroLobo betrieben werden. Die Eigent\u00fcmer solcher Websites haben ihre eigenen Datenschutzrichtlinien und sind in jedem Fall selbst f\u00fcr ihre eigenen Dateien und ihre eigenen Datenschutzpraktiken verantwortlich.<\/p>\n\n\n\n<h4 class=\"wp-block-heading\">Beschwerden bei der Aufsichtsbeh\u00f6rde<\/h4>\n\n\n\n<p class=\"wp-block-paragraph\">Sollte der Nutzer der Ansicht sein, dass die Art und Weise der Verarbeitung seiner personenbezogenen Daten ein Problem oder einen Versto\u00df gegen die geltenden Vorschriften darstellt, hat er das Recht auf wirksamen Rechtsschutz und das Recht, eine Beschwerde bei einer Aufsichtsbeh\u00f6rde einzureichen, insbesondere in dem Staat, in dem er seinen gew\u00f6hnlichen Aufenthalt, seinen Arbeitsplatz oder den Ort des mutma\u00dflichen Versto\u00dfes hat. Im Falle Spaniens ist die Aufsichtsbeh\u00f6rde die spanische Datenschutzbeh\u00f6rde (http:\/\/www.agpd.es).<\/p>\n\n\n\n<h3 class=\"wp-block-heading\">II. AKZEPTANZ UND \u00c4NDERUNGEN DIESER DATENSCHUTZERKL\u00c4RUNG<\/h3>\n\n\n\n<p class=\"wp-block-paragraph\">Es ist notwendig, dass der Nutzer die in dieser Datenschutzerkl\u00e4rung enthaltenen Bedingungen zum Schutz personenbezogener Daten gelesen hat und ihnen zustimmt, sowie dass er die Verarbeitung seiner personenbezogenen Daten akzeptiert, damit der f\u00fcr die Datenverarbeitung Verantwortliche auf die angegebene Weise, in den angegebenen Zeitr\u00e4umen und zu den angegebenen Zwecken vorgehen kann. Die Nutzung der Website setzt die Annahme der Datenschutzbestimmungen voraus.<\/p>\n\n\n\n<p class=\"wp-block-paragraph\">PerroLobo beh\u00e4lt sich das Recht vor, seine Datenschutzpolitik nach eigenen Kriterien oder aufgrund einer \u00c4nderung der Gesetzgebung, der Rechtsprechung oder der Doktrin der spanischen Datenschutzbeh\u00f6rde zu \u00e4ndern. \u00c4nderungen oder Aktualisierungen der vorliegenden Datenschutzpolitik werden dem Nutzer nicht ausdr\u00fccklich mitgeteilt. Dem Nutzer wird empfohlen, diese Seite regelm\u00e4\u00dfig zu konsultieren, um sich \u00fcber die neuesten \u00c4nderungen oder Aktualisierungen zu informieren.<\/p>\n\n\n\n<p class=\"wp-block-paragraph\">Diese Datenschutzrichtlinie wurde aktualisiert, um sie an die Verordnung (EU) 2016\/679 des Europ\u00e4ischen Parlaments und des Rates vom 27. April 2016 zum Schutz nat\u00fcrlicher Personen bei der Verarbeitung personenbezogener Daten und zum freien Datenverkehr (GDPR) und an das Organgesetz 3\/2018 vom 5. Dezember \u00fcber den Schutz personenbezogener Daten und die Gew\u00e4hrleistung digitaler Rechte anzupassen.<\/p>","protected":false},"excerpt":{"rendered":"<p>I. POL\u00cdTICA DE PRIVACIDAD Y PROTECCI\u00d3N DE DATOS Respetando lo  [&#8230;]<\/p>\n","protected":false},"author":1,"featured_media":0,"parent":0,"menu_order":0,"comment_status":"closed","ping_status":"closed","template":"","meta":{"_crdt_document":"","footnotes":""},"class_list":["post-174","page","type-page","status-publish","hentry"],"yoast_head":"<!-- This site is optimized with the Yoast SEO Premium plugin v24.4 (Yoast SEO v27.3) - https:\/\/yoast.com\/product\/yoast-seo-premium-wordpress\/ -->\n<title>Pol\u00edtica de privacidad - Perro Lobo<\/title>\n<meta name=\"robots\" content=\"index, follow, max-snippet:-1, max-image-preview:large, max-video-preview:-1\" \/>\n<link rel=\"canonical\" href=\"https:\/\/perrolobo.org\/de\/datenschutzbestimmungen\/\" \/>\n<meta property=\"og:locale\" content=\"de_DE\" \/>\n<meta property=\"og:type\" content=\"article\" \/>\n<meta property=\"og:title\" content=\"Pol\u00edtica de privacidad\" \/>\n<meta property=\"og:description\" content=\"I. POL\u00cdTICA DE PRIVACIDAD Y PROTECCI\u00d3N DE DATOS Respetando lo [...]\" \/>\n<meta property=\"og:url\" content=\"https:\/\/perrolobo.org\/de\/datenschutzbestimmungen\/\" \/>\n<meta property=\"og:site_name\" content=\"Perro Lobo\" \/>\n<meta name=\"twitter:card\" content=\"summary_large_image\" \/>\n<meta name=\"twitter:label1\" content=\"Gesch\u00e4tzte Lesezeit\" \/>\n\t<meta name=\"twitter:data1\" content=\"12\u00a0Minuten\" \/>\n<script type=\"application\/ld+json\" class=\"yoast-schema-graph\">{\"@context\":\"https:\\\/\\\/schema.org\",\"@graph\":[{\"@type\":\"WebPage\",\"@id\":\"https:\\\/\\\/perrolobo.org\\\/en\\\/privacy-policy\\\/\",\"url\":\"https:\\\/\\\/perrolobo.org\\\/en\\\/privacy-policy\\\/\",\"name\":\"Pol\u00edtica de privacidad - Perro Lobo\",\"isPartOf\":{\"@id\":\"https:\\\/\\\/perrolobo.org\\\/fr\\\/#website\"},\"datePublished\":\"2023-06-29T01:22:25+00:00\",\"breadcrumb\":{\"@id\":\"https:\\\/\\\/perrolobo.org\\\/en\\\/privacy-policy\\\/#breadcrumb\"},\"inLanguage\":\"de\",\"potentialAction\":[{\"@type\":\"ReadAction\",\"target\":[\"https:\\\/\\\/perrolobo.org\\\/en\\\/privacy-policy\\\/\"]}]},{\"@type\":\"BreadcrumbList\",\"@id\":\"https:\\\/\\\/perrolobo.org\\\/en\\\/privacy-policy\\\/#breadcrumb\",\"itemListElement\":[{\"@type\":\"ListItem\",\"position\":1,\"name\":\"Portada\",\"item\":\"https:\\\/\\\/perrolobo.org\\\/fr\\\/\"},{\"@type\":\"ListItem\",\"position\":2,\"name\":\"Pol\u00edtica de privacidad\"}]},{\"@type\":\"WebSite\",\"@id\":\"https:\\\/\\\/perrolobo.org\\\/fr\\\/#website\",\"url\":\"https:\\\/\\\/perrolobo.org\\\/fr\\\/\",\"name\":\"Perro Lobo\",\"description\":\"Razas de Perro m\u00e1s cercanas a los Lobos\",\"potentialAction\":[{\"@type\":\"SearchAction\",\"target\":{\"@type\":\"EntryPoint\",\"urlTemplate\":\"https:\\\/\\\/perrolobo.org\\\/fr\\\/?s={search_term_string}\"},\"query-input\":{\"@type\":\"PropertyValueSpecification\",\"valueRequired\":true,\"valueName\":\"search_term_string\"}}],\"inLanguage\":\"de\"}]}<\/script>\n<!-- \/ Yoast SEO Premium plugin. -->","yoast_head_json":{"title":"Datenschutzerkl\u00e4rung - Perro Lobo","robots":{"index":"index","follow":"follow","max-snippet":"max-snippet:-1","max-image-preview":"max-image-preview:large","max-video-preview":"max-video-preview:-1"},"canonical":"https:\/\/perrolobo.org\/de\/datenschutzbestimmungen\/","og_locale":"de_DE","og_type":"article","og_title":"Pol\u00edtica de privacidad","og_description":"I. POL\u00cdTICA DE PRIVACIDAD Y PROTECCI\u00d3N DE DATOS Respetando lo [...]","og_url":"https:\/\/perrolobo.org\/de\/datenschutzbestimmungen\/","og_site_name":"Perro Lobo","twitter_card":"summary_large_image","twitter_misc":{"Gesch\u00e4tzte Lesezeit":"12\u00a0Minuten"},"schema":{"@context":"https:\/\/schema.org","@graph":[{"@type":"WebPage","@id":"https:\/\/perrolobo.org\/en\/privacy-policy\/","url":"https:\/\/perrolobo.org\/en\/privacy-policy\/","name":"Datenschutzerkl\u00e4rung - Perro Lobo","isPartOf":{"@id":"https:\/\/perrolobo.org\/fr\/#website"},"datePublished":"2023-06-29T01:22:25+00:00","breadcrumb":{"@id":"https:\/\/perrolobo.org\/en\/privacy-policy\/#breadcrumb"},"inLanguage":"de","potentialAction":[{"@type":"ReadAction","target":["https:\/\/perrolobo.org\/en\/privacy-policy\/"]}]},{"@type":"BreadcrumbList","@id":"https:\/\/perrolobo.org\/en\/privacy-policy\/#breadcrumb","itemListElement":[{"@type":"ListItem","position":1,"name":"Portada","item":"https:\/\/perrolobo.org\/fr\/"},{"@type":"ListItem","position":2,"name":"Pol\u00edtica de privacidad"}]},{"@type":"WebSite","@id":"https:\/\/perrolobo.org\/fr\/#website","url":"https:\/\/perrolobo.org\/fr\/","name":"Wolf Hund","description":"Hunderassen, die den W\u00f6lfen am n\u00e4chsten stehen","potentialAction":[{"@type":"SearchAction","target":{"@type":"EntryPoint","urlTemplate":"https:\/\/perrolobo.org\/fr\/?s={search_term_string}"},"query-input":{"@type":"PropertyValueSpecification","valueRequired":true,"valueName":"search_term_string"}}],"inLanguage":"de"}]}},"_links":{"self":[{"href":"https:\/\/perrolobo.org\/de\/wp-json\/wp\/v2\/pages\/174","targetHints":{"allow":["GET"]}}],"collection":[{"href":"https:\/\/perrolobo.org\/de\/wp-json\/wp\/v2\/pages"}],"about":[{"href":"https:\/\/perrolobo.org\/de\/wp-json\/wp\/v2\/types\/page"}],"author":[{"embeddable":true,"href":"https:\/\/perrolobo.org\/de\/wp-json\/wp\/v2\/users\/1"}],"replies":[{"embeddable":true,"href":"https:\/\/perrolobo.org\/de\/wp-json\/wp\/v2\/comments?post=174"}],"version-history":[{"count":0,"href":"https:\/\/perrolobo.org\/de\/wp-json\/wp\/v2\/pages\/174\/revisions"}],"wp:attachment":[{"href":"https:\/\/perrolobo.org\/de\/wp-json\/wp\/v2\/media?parent=174"}],"curies":[{"name":"wp","href":"https:\/\/api.w.org\/{rel}","templated":true}]}}