{"id":177,"date":"2023-06-29T03:25:43","date_gmt":"2023-06-29T01:25:43","guid":{"rendered":"https:\/\/indigo-salamander-791755.hostingersite.com\/?page_id=177"},"modified":"2023-06-29T03:25:43","modified_gmt":"2023-06-29T01:25:43","slug":"avis-juridique","status":"publish","type":"page","link":"https:\/\/perrolobo.org\/fr\/avis-juridique\/","title":{"rendered":"Avis juridique"},"content":{"rendered":"<h3 class=\"wp-block-heading\">I. INFORMATIONS G\u00c9N\u00c9RALES<\/h3>\n\n\n\n<p class=\"wp-block-paragraph\">Conform\u00e9ment \u00e0 l'obligation d'information pr\u00e9vue par la loi 34\/2002 sur les services de la soci\u00e9t\u00e9 de l'information et le commerce \u00e9lectronique (LSSI-CE) du 11 juillet, les informations g\u00e9n\u00e9rales suivantes sont fournies sur ce site web :<\/p>\n\n\n\n<p class=\"wp-block-paragraph\">La propri\u00e9t\u00e9 de ce site web, perrolobo.org, (ci-apr\u00e8s le site web) est d\u00e9tenue par : PerroLobo, avec NIF : Non applicable, et dont les coordonn\u00e9es sont : PerroLobo, avec NIF : Non applicable, et dont les coordonn\u00e9es sont : PerroLobo, avec NIF : Non applicable :<\/p>\n\n\n\n<p class=\"wp-block-paragraph\">Adresse : Sans objet<\/p>\n\n\n\n<p class=\"wp-block-paragraph\">T\u00e9l\u00e9phone de contact : Sans objet<\/p>\n\n\n\n<p class=\"wp-block-paragraph\">Courriel de contact : contacto@indigo-salamander-791755.hostingersite.com<\/p>\n\n\n\n<h3 class=\"wp-block-heading\">II. CONDITIONS G\u00c9N\u00c9RALES D'UTILISATION<\/h3>\n\n\n\n<h4 class=\"wp-block-heading\">L'objet des conditions g\u00e9n\u00e9rales : Le site web<\/h4>\n\n\n\n<p class=\"wp-block-paragraph\">Les pr\u00e9sentes conditions g\u00e9n\u00e9rales d'utilisation (ci-apr\u00e8s d\u00e9nomm\u00e9es \"conditions\") ont pour objet de r\u00e9glementer l'acc\u00e8s au site web et son utilisation. Aux fins des pr\u00e9sentes conditions g\u00e9n\u00e9rales, on entend par site web : l'aspect ext\u00e9rieur des interfaces d'\u00e9cran, tant statiques que dynamiques, c'est-\u00e0-dire l'arbre de navigation ; et tous les \u00e9l\u00e9ments int\u00e9gr\u00e9s tant dans les interfaces d'\u00e9cran que dans l'arbre de navigation (ci-apr\u00e8s d\u00e9nomm\u00e9s \"contenu\") et tous les services ou ressources en ligne qui peuvent \u00eatre offerts aux utilisateurs (ci-apr\u00e8s d\u00e9nomm\u00e9s \"services\").<\/p>\n\n\n\n<p class=\"wp-block-paragraph\">PerroLobo se r\u00e9serve le droit de modifier, \u00e0 tout moment et sans pr\u00e9avis, la pr\u00e9sentation et la configuration du site web ainsi que les contenus et services qui peuvent y \u00eatre incorpor\u00e9s. L'utilisateur reconna\u00eet et accepte que PerroLobo puisse \u00e0 tout moment interrompre, d\u00e9sactiver et\/ou annuler l'un de ces \u00e9l\u00e9ments int\u00e9gr\u00e9s au site web ou l'acc\u00e8s \u00e0 ceux-ci.<\/p>\n\n\n\n<p class=\"wp-block-paragraph\">L'acc\u00e8s au site web par l'utilisateur est libre et, en r\u00e8gle g\u00e9n\u00e9rale, gratuit, sans que l'utilisateur n'ait \u00e0 fournir de contrepartie pour en b\u00e9n\u00e9ficier, \u00e0 l'exception du co\u00fbt de la connexion via le r\u00e9seau de t\u00e9l\u00e9communications fourni par le fournisseur d'acc\u00e8s contract\u00e9 par l'utilisateur.<\/p>\n\n\n\n<p class=\"wp-block-paragraph\">L'utilisation du contenu ne n\u00e9cessite aucune inscription ou enregistrement pr\u00e9alable.<\/p>\n\n\n\n<h4 class=\"wp-block-heading\">L'utilisateur<\/h4>\n\n\n\n<p class=\"wp-block-paragraph\">L'acc\u00e8s, la navigation et l'utilisation du site Web, ainsi que les espaces d'interaction entre les utilisateurs, l'utilisateur et PerroLobo, tels que les espaces de commentaires et\/ou de blogs, conf\u00e8rent la condition d'utilisateur et, par cons\u00e9quent, \u00e0 partir du moment o\u00f9 l'utilisateur commence \u00e0 naviguer sur le site Web, il accepte toutes les conditions \u00e9tablies ici, ainsi que toutes les modifications ult\u00e9rieures, sans pr\u00e9judice de l'application des normes l\u00e9gales correspondantes qui doivent \u00eatre respect\u00e9es, le cas \u00e9ch\u00e9ant. Compte tenu de la pertinence de ce qui pr\u00e9c\u00e8de, il est recommand\u00e9 \u00e0 l'utilisateur de les lire chaque fois qu'il visite le site Web.<\/p>\n\n\n\n<p class=\"wp-block-paragraph\">Le site web de PerroLobo fournit un large \u00e9ventail d'informations, de services et de donn\u00e9es. L'utilisateur assume la responsabilit\u00e9 de l'utilisation correcte du site web. Cette responsabilit\u00e9 s'\u00e9tend \u00e0 :<\/p>\n\n\n\n<ul class=\"wp-block-list\">\n<li>Une utilisation des informations, Contenus et\/ou Services et donn\u00e9es propos\u00e9s par PerroLobo qui soit contraire aux pr\u00e9sentes Conditions, \u00e0 la Loi, \u00e0 la morale ou \u00e0 l'ordre public, ou qui, de toute autre mani\u00e8re, puisse porter atteinte aux droits de tiers ou au fonctionnement du Site Internet.<\/li>\n\n\n\n<li>la v\u00e9racit\u00e9 et la l\u00e9galit\u00e9 des informations fournies par l'utilisateur dans les formulaires mis \u00e0 disposition par PerroLobo pour l'acc\u00e8s \u00e0 certains contenus ou services offerts par le site web. En tout \u00e9tat de cause, l'utilisateur est tenu de signaler imm\u00e9diatement \u00e0 PerroLobo tout fait permettant une utilisation abusive des informations enregistr\u00e9es dans ces formulaires, tel que, mais pas uniquement, le vol, la perte ou l'acc\u00e8s non autoris\u00e9 aux identifiants et\/ou aux mots de passe, afin de proc\u00e9der \u00e0 leur annulation imm\u00e9diate.<\/li>\n<\/ul>\n\n\n\n<p class=\"wp-block-paragraph\">En tout \u00e9tat de cause, PerroLobo ne sera pas responsable des opinions exprim\u00e9es par les utilisateurs par le biais de commentaires ou d'autres outils de blogage ou de participation qui peuvent exister.<\/p>\n\n\n\n<p class=\"wp-block-paragraph\">Le simple acc\u00e8s \u00e0 ce site Web n'implique aucun type de relation commerciale entre PerroLobo et l'utilisateur.<\/p>\n\n\n\n<p class=\"wp-block-paragraph\">Conform\u00e9ment \u00e0 la l\u00e9gislation en vigueur, ce site web de PerroLobo est destin\u00e9 \u00e0 toutes les personnes, quel que soit leur \u00e2ge, qui peuvent acc\u00e9der et\/ou naviguer sur les pages du site web.<\/p>\n\n\n\n<h3 class=\"wp-block-heading\">III. ACC\u00c8S ET NAVIGATION SUR LE SITE WEB : EXCLUSION DE GARANTIE ET DE RESPONSABILIT\u00c9<\/h3>\n\n\n\n<p class=\"wp-block-paragraph\">PerroLobo ne garantit pas la continuit\u00e9, la disponibilit\u00e9 ou l'utilit\u00e9 du site web, du contenu ou des services. PerroLobo mettra tout en \u0153uvre pour assurer le bon fonctionnement du site web, mais n'est pas responsable et ne garantit pas que l'acc\u00e8s \u00e0 ce site web sera ininterrompu ou exempt d'erreurs.<\/p>\n\n\n\n<p class=\"wp-block-paragraph\">PerroLobo n'est pas responsable et ne garantit pas que le contenu ou les logiciels auxquels il est possible d'acc\u00e9der par l'interm\u00e9diaire de ce site Web soient exempts d'erreurs ou causent des dommages au syst\u00e8me informatique (logiciel et mat\u00e9riel) de l'utilisateur. PerroLobo n'est en aucun cas responsable des pertes, dommages ou pr\u00e9judices de toute nature r\u00e9sultant de l'acc\u00e8s, de la navigation et de l'utilisation du site web, y compris, mais sans s'y limiter, ceux caus\u00e9s aux syst\u00e8mes informatiques ou ceux caus\u00e9s par l'introduction de virus.<\/p>\n\n\n\n<p class=\"wp-block-paragraph\">PerroLobo n'est pas non plus responsable des dommages qui pourraient \u00eatre caus\u00e9s aux utilisateurs par une mauvaise utilisation de ce site web. En particulier, PerroLobo n'est en aucun cas responsable des pannes, interruptions, d\u00e9fauts ou d\u00e9faillances des t\u00e9l\u00e9communications qui pourraient survenir.<\/p>\n\n\n\n<h3 class=\"wp-block-heading\">IV. POLITIQUE DE LIAISON<\/h3>\n\n\n\n<p class=\"wp-block-paragraph\">PerroLobo ne propose ni ne commercialise lui-m\u00eame, ou par l'interm\u00e9diaire de tiers, les produits et\/ou services disponibles sur ces sites li\u00e9s.<\/p>\n\n\n\n<p class=\"wp-block-paragraph\">L'utilisateur ou le tiers qui cr\u00e9e un lien hypertexte \u00e0 partir d'une page web d'un autre site web vers le site web de PerroLobo doit \u00eatre conscient que :<\/p>\n\n\n\n<p class=\"wp-block-paragraph\">Il n'est pas permis de reproduire - totalement ou partiellement - les contenus et\/ou services du site Web sans l'autorisation expresse de PerroLobo.<\/p>\n\n\n\n<p class=\"wp-block-paragraph\">Aucune d\u00e9claration fausse, inexacte ou incorrecte sur le site Web de PerroLobo, ou sur le contenu et\/ou les services de ce dernier n'est autoris\u00e9e.<\/p>\n\n\n\n<p class=\"wp-block-paragraph\">\u00c0 l'exception de l'hyperlien, le site web sur lequel l'hyperlien est \u00e9tabli ne contiendra aucun \u00e9l\u00e9ment de ce site web prot\u00e9g\u00e9 en tant que propri\u00e9t\u00e9 intellectuelle par la loi espagnole, sauf autorisation expresse de PerroLobo.<\/p>\n\n\n\n<p class=\"wp-block-paragraph\">L'\u00e9tablissement de l'hyperlien n'implique pas l'existence d'une relation entre PerroLobo et le propri\u00e9taire du site web \u00e0 partir duquel il est \u00e9tabli, ni la connaissance et l'acceptation par PerroLobo des contenus, services et\/ou activit\u00e9s offerts sur ledit site web, et vice versa.<\/p>\n\n\n\n<h3 class=\"wp-block-heading\">V. PROPRI\u00c9T\u00c9 INTELLECTUELLE ET INDUSTRIELLE<\/h3>\n\n\n\n<p class=\"wp-block-paragraph\">PerroLobo, lui-m\u00eame ou en tant que cessionnaire, est titulaire de tous les droits de propri\u00e9t\u00e9 intellectuelle et industrielle du site Web, ainsi que des \u00e9l\u00e9ments qu'il contient (y compris, mais sans s'y limiter, les images, le son, l'audio, la vid\u00e9o, le logiciel ou le texte, les marques ou les logos, les combinaisons de couleurs, la structure et la conception, la s\u00e9lection des mat\u00e9riaux utilis\u00e9s, les programmes informatiques n\u00e9cessaires \u00e0 son fonctionnement, \u00e0 son acc\u00e8s et \u00e0 son utilisation, etc.) ). Il s'agit donc d'\u0153uvres prot\u00e9g\u00e9es en tant que propri\u00e9t\u00e9 intellectuelle par le syst\u00e8me juridique espagnol, auquel s'appliquent les r\u00e9glementations espagnoles et communautaires en la mati\u00e8re, ainsi que les trait\u00e9s internationaux sign\u00e9s par l'Espagne en la mati\u00e8re.<\/p>\n\n\n\n<p class=\"wp-block-paragraph\">Tous les droits sont r\u00e9serv\u00e9s. En vertu des dispositions de la loi sur la propri\u00e9t\u00e9 intellectuelle, la reproduction, la distribution et la communication publique, y compris la mise \u00e0 disposition, de tout ou partie du contenu de ce site Web, \u00e0 des fins commerciales, sur tout support et par tout moyen technique, sans l'autorisation de PerroLobo, sont express\u00e9ment interdites.<\/p>\n\n\n\n<p class=\"wp-block-paragraph\">L'utilisateur s'engage \u00e0 respecter les droits de propri\u00e9t\u00e9 intellectuelle et industrielle de PerroLobo. Vous pouvez visualiser les \u00e9l\u00e9ments du site Web ou m\u00eame les imprimer, les copier et les stocker sur le disque dur de votre ordinateur ou sur tout autre support physique, \u00e0 condition que ce soit exclusivement pour votre usage personnel. L'utilisateur ne peut toutefois pas supprimer, modifier ou manipuler tout dispositif de protection ou syst\u00e8me de s\u00e9curit\u00e9 install\u00e9 sur le site web.<\/p>\n\n\n\n<p class=\"wp-block-paragraph\">Si l'utilisateur ou un tiers consid\u00e8re que l'un des contenus du site Web implique une violation des droits de protection de la propri\u00e9t\u00e9 intellectuelle, il doit en informer imm\u00e9diatement PerroLobo aux coordonn\u00e9es indiqu\u00e9es dans la section INFORMATIONS G\u00c9N\u00c9RALES des pr\u00e9sentes mentions l\u00e9gales et conditions g\u00e9n\u00e9rales d'utilisation.<\/p>\n\n\n\n<h3 class=\"wp-block-heading\">VI. ACTIONS EN JUSTICE, DROIT APPLICABLE ET JURIDICTION<\/h3>\n\n\n\n<p class=\"wp-block-paragraph\">PerroLobo se r\u00e9serve le droit d'intenter toute action civile ou p\u00e9nale qu'il juge n\u00e9cessaire en cas d'utilisation inappropri\u00e9e du site web et de son contenu, ou en cas de violation des pr\u00e9sentes conditions.<\/p>\n\n\n\n<p class=\"wp-block-paragraph\">La relation entre l'utilisateur et PerroLobo est r\u00e9gie par la r\u00e9glementation en vigueur et applicable sur le territoire espagnol. En cas de controverse sur l'interpr\u00e9tation et\/ou l'application des pr\u00e9sentes conditions, les parties soumettront leurs conflits \u00e0 la juridiction ordinaire, en s'en remettant aux juges et aux tribunaux comp\u00e9tents en vertu de la loi.<\/p>","protected":false},"excerpt":{"rendered":"<p>I. INFORMACI\u00d3N GENERAL En cumplimiento con el deber de informaci\u00f3n  [&#8230;]<\/p>\n","protected":false},"author":1,"featured_media":0,"parent":0,"menu_order":0,"comment_status":"closed","ping_status":"closed","template":"","meta":{"_crdt_document":"","footnotes":""},"class_list":["post-177","page","type-page","status-publish","hentry"],"yoast_head":"<!-- This site is optimized with the Yoast SEO Premium plugin v24.4 (Yoast SEO v27.3) - https:\/\/yoast.com\/product\/yoast-seo-premium-wordpress\/ -->\n<title>Aviso legal - Perro Lobo<\/title>\n<meta name=\"robots\" content=\"index, follow, max-snippet:-1, max-image-preview:large, max-video-preview:-1\" \/>\n<link rel=\"canonical\" href=\"https:\/\/perrolobo.org\/fr\/avis-juridique\/\" \/>\n<meta property=\"og:locale\" content=\"fr_FR\" \/>\n<meta property=\"og:type\" content=\"article\" \/>\n<meta property=\"og:title\" content=\"Aviso legal\" \/>\n<meta property=\"og:description\" content=\"I. INFORMACI\u00d3N GENERAL En cumplimiento con el deber de informaci\u00f3n [...]\" \/>\n<meta property=\"og:url\" content=\"https:\/\/perrolobo.org\/fr\/avis-juridique\/\" \/>\n<meta property=\"og:site_name\" content=\"Perro Lobo\" \/>\n<meta name=\"twitter:card\" content=\"summary_large_image\" \/>\n<meta name=\"twitter:label1\" content=\"Dur\u00e9e de lecture estim\u00e9e\" \/>\n\t<meta name=\"twitter:data1\" content=\"7 minutes\" \/>\n<script type=\"application\/ld+json\" class=\"yoast-schema-graph\">{\"@context\":\"https:\\\/\\\/schema.org\",\"@graph\":[{\"@type\":\"WebPage\",\"@id\":\"https:\\\/\\\/perrolobo.org\\\/en\\\/legal-notice\\\/\",\"url\":\"https:\\\/\\\/perrolobo.org\\\/en\\\/legal-notice\\\/\",\"name\":\"Aviso legal - Perro Lobo\",\"isPartOf\":{\"@id\":\"https:\\\/\\\/perrolobo.org\\\/fr\\\/#website\"},\"datePublished\":\"2023-06-29T01:25:43+00:00\",\"breadcrumb\":{\"@id\":\"https:\\\/\\\/perrolobo.org\\\/en\\\/legal-notice\\\/#breadcrumb\"},\"inLanguage\":\"fr-FR\",\"potentialAction\":[{\"@type\":\"ReadAction\",\"target\":[\"https:\\\/\\\/perrolobo.org\\\/en\\\/legal-notice\\\/\"]}]},{\"@type\":\"BreadcrumbList\",\"@id\":\"https:\\\/\\\/perrolobo.org\\\/en\\\/legal-notice\\\/#breadcrumb\",\"itemListElement\":[{\"@type\":\"ListItem\",\"position\":1,\"name\":\"Portada\",\"item\":\"https:\\\/\\\/perrolobo.org\\\/fr\\\/\"},{\"@type\":\"ListItem\",\"position\":2,\"name\":\"Aviso legal\"}]},{\"@type\":\"WebSite\",\"@id\":\"https:\\\/\\\/perrolobo.org\\\/fr\\\/#website\",\"url\":\"https:\\\/\\\/perrolobo.org\\\/fr\\\/\",\"name\":\"Perro Lobo\",\"description\":\"Razas de Perro m\u00e1s cercanas a los Lobos\",\"potentialAction\":[{\"@type\":\"SearchAction\",\"target\":{\"@type\":\"EntryPoint\",\"urlTemplate\":\"https:\\\/\\\/perrolobo.org\\\/fr\\\/?s={search_term_string}\"},\"query-input\":{\"@type\":\"PropertyValueSpecification\",\"valueRequired\":true,\"valueName\":\"search_term_string\"}}],\"inLanguage\":\"fr-FR\"}]}<\/script>\n<!-- \/ Yoast SEO Premium plugin. -->","yoast_head_json":{"title":"Mentions l\u00e9gales - Perro Lobo","robots":{"index":"index","follow":"follow","max-snippet":"max-snippet:-1","max-image-preview":"max-image-preview:large","max-video-preview":"max-video-preview:-1"},"canonical":"https:\/\/perrolobo.org\/fr\/avis-juridique\/","og_locale":"fr_FR","og_type":"article","og_title":"Aviso legal","og_description":"I. INFORMACI\u00d3N GENERAL En cumplimiento con el deber de informaci\u00f3n [...]","og_url":"https:\/\/perrolobo.org\/fr\/avis-juridique\/","og_site_name":"Perro Lobo","twitter_card":"summary_large_image","twitter_misc":{"Dur\u00e9e de lecture estim\u00e9e":"7 minutes"},"schema":{"@context":"https:\/\/schema.org","@graph":[{"@type":"WebPage","@id":"https:\/\/perrolobo.org\/en\/legal-notice\/","url":"https:\/\/perrolobo.org\/en\/legal-notice\/","name":"Mentions l\u00e9gales - Perro Lobo","isPartOf":{"@id":"https:\/\/perrolobo.org\/fr\/#website"},"datePublished":"2023-06-29T01:25:43+00:00","breadcrumb":{"@id":"https:\/\/perrolobo.org\/en\/legal-notice\/#breadcrumb"},"inLanguage":"fr-FR","potentialAction":[{"@type":"ReadAction","target":["https:\/\/perrolobo.org\/en\/legal-notice\/"]}]},{"@type":"BreadcrumbList","@id":"https:\/\/perrolobo.org\/en\/legal-notice\/#breadcrumb","itemListElement":[{"@type":"ListItem","position":1,"name":"Portada","item":"https:\/\/perrolobo.org\/fr\/"},{"@type":"ListItem","position":2,"name":"Aviso legal"}]},{"@type":"WebSite","@id":"https:\/\/perrolobo.org\/fr\/#website","url":"https:\/\/perrolobo.org\/fr\/","name":"Chien-loup","description":"Races de chiens les plus proches des loups","potentialAction":[{"@type":"SearchAction","target":{"@type":"EntryPoint","urlTemplate":"https:\/\/perrolobo.org\/fr\/?s={search_term_string}"},"query-input":{"@type":"PropertyValueSpecification","valueRequired":true,"valueName":"search_term_string"}}],"inLanguage":"fr-FR"}]}},"_links":{"self":[{"href":"https:\/\/perrolobo.org\/fr\/wp-json\/wp\/v2\/pages\/177","targetHints":{"allow":["GET"]}}],"collection":[{"href":"https:\/\/perrolobo.org\/fr\/wp-json\/wp\/v2\/pages"}],"about":[{"href":"https:\/\/perrolobo.org\/fr\/wp-json\/wp\/v2\/types\/page"}],"author":[{"embeddable":true,"href":"https:\/\/perrolobo.org\/fr\/wp-json\/wp\/v2\/users\/1"}],"replies":[{"embeddable":true,"href":"https:\/\/perrolobo.org\/fr\/wp-json\/wp\/v2\/comments?post=177"}],"version-history":[{"count":0,"href":"https:\/\/perrolobo.org\/fr\/wp-json\/wp\/v2\/pages\/177\/revisions"}],"wp:attachment":[{"href":"https:\/\/perrolobo.org\/fr\/wp-json\/wp\/v2\/media?parent=177"}],"curies":[{"name":"wp","href":"https:\/\/api.w.org\/{rel}","templated":true}]}}