{"id":177,"date":"2023-06-29T03:25:43","date_gmt":"2023-06-29T01:25:43","guid":{"rendered":"https:\/\/indigo-salamander-791755.hostingersite.com\/?page_id=177"},"modified":"2023-06-29T03:25:43","modified_gmt":"2023-06-29T01:25:43","slug":"avviso-legale","status":"publish","type":"page","link":"https:\/\/perrolobo.org\/it\/avviso-legale\/","title":{"rendered":"Avviso legale"},"content":{"rendered":"<h3 class=\"wp-block-heading\">I. INFORMAZIONI GENERALI<\/h3>\n\n\n\n<p class=\"wp-block-paragraph\">In ottemperanza all'obbligo di informazione previsto dalla Legge 34\/2002 sui Servizi della Societ\u00e0 dell'Informazione e del Commercio Elettronico (LSSI-CE) dell'11 luglio, si forniscono di seguito le informazioni generali su questo sito web:<\/p>\n\n\n\n<p class=\"wp-block-paragraph\">La propriet\u00e0 di questo sito web, perrolobo.org, (di seguito Sito Web) \u00e8 di: PerroLobo, con NIF: Non applicabile, e i cui dati di contatto sono:<\/p>\n\n\n\n<p class=\"wp-block-paragraph\">Indirizzo: Non applicabile<\/p>\n\n\n\n<p class=\"wp-block-paragraph\">Telefono di contatto: Non applicabile<\/p>\n\n\n\n<p class=\"wp-block-paragraph\">Email di contatto: contacto@indigo-salamander-791755.hostingersite.com<\/p>\n\n\n\n<h3 class=\"wp-block-heading\">II. TERMINI E CONDIZIONI GENERALI DI UTILIZZO<\/h3>\n\n\n\n<h4 class=\"wp-block-heading\">L'oggetto dei termini e delle condizioni: Il sito web<\/h4>\n\n\n\n<p class=\"wp-block-paragraph\">Le presenti Condizioni Generali d'Uso (di seguito, Condizioni) hanno lo scopo di regolamentare l'accesso e l'utilizzo del Sito. Ai fini delle presenti Condizioni, per Sito Web si intende: l'aspetto esterno delle interfacce dello schermo, sia statiche che dinamiche, ovvero l'albero di navigazione; e tutti gli elementi integrati sia nelle interfacce dello schermo che nell'albero di navigazione (di seguito, Contenuti) e tutti i servizi o le risorse online che possono essere offerti agli Utenti (di seguito, Servizi).<\/p>\n\n\n\n<p class=\"wp-block-paragraph\">PerroLobo si riserva il diritto di modificare, in qualsiasi momento e senza preavviso, la presentazione e la configurazione del Sito web e dei Contenuti e Servizi che possono essere integrati in esso. L'Utente riconosce e accetta che in qualsiasi momento PerroLobo potr\u00e0 interrompere, disattivare e\/o cancellare uno qualsiasi di questi elementi integrati nel Sito web o l'accesso agli stessi.<\/p>\n\n\n\n<p class=\"wp-block-paragraph\">L'accesso al Sito Web da parte dell'Utente \u00e8 libero e, di norma, gratuito, senza che l'Utente debba fornire alcun corrispettivo per usufruirne, fatta eccezione per il costo della connessione attraverso la rete di telecomunicazioni fornita dal fornitore di accesso contrattato dall'Utente.<\/p>\n\n\n\n<p class=\"wp-block-paragraph\">L'uso del Contenuto non richiede alcun abbonamento o registrazione preventiva.<\/p>\n\n\n\n<h4 class=\"wp-block-heading\">L'utente<\/h4>\n\n\n\n<p class=\"wp-block-paragraph\">L'accesso, la navigazione e l'utilizzo del Sito Web, cos\u00ec come degli spazi previsti per l'interazione tra gli Utenti e l'Utente e PerroLobo, come ad esempio gli spazi per i commenti e\/o i blog, conferisce la condizione di Utente, e pertanto, dal momento in cui l'Utente inizia a navigare nel Sito Web, accetta tutte le Condizioni qui stabilite, cos\u00ec come le eventuali successive modifiche, fatta salva l'applicazione delle corrispondenti norme di legge che dovranno essere rispettate a seconda dei casi. Data la rilevanza di quanto sopra, si raccomanda all'Utente di leggerle ogni volta che visita il Sito.<\/p>\n\n\n\n<p class=\"wp-block-paragraph\">Il sito web di PerroLobo fornisce un'ampia gamma di informazioni, servizi e dati. L'Utente si assume la responsabilit\u00e0 del corretto utilizzo del sito web. Tale responsabilit\u00e0 si estende a:<\/p>\n\n\n\n<ul class=\"wp-block-list\">\n<li>Un uso delle informazioni, dei Contenuti e\/o dei Servizi e dei dati offerti da PerroLobo contrario alle presenti Condizioni, alla Legge, al buon costume o all'ordine pubblico, o che in qualsiasi altro modo possa danneggiare i diritti di terzi o il funzionamento del Sito.<\/li>\n\n\n\n<li>La veridicit\u00e0 e la legalit\u00e0 delle informazioni fornite dall'Utente nei moduli messi a disposizione da PerroLobo per l'accesso a determinati Contenuti o Servizi offerti dal Sito Web. In ogni caso, l'Utente dovr\u00e0 comunicare immediatamente a PerroLobo qualsiasi fatto che consenta l'uso improprio delle informazioni registrate in questi moduli, come, ma non solo, il furto, la perdita o l'accesso non autorizzato a identificativi e\/o password, al fine di procedere alla loro immediata cancellazione.<\/li>\n<\/ul>\n\n\n\n<p class=\"wp-block-paragraph\">In ogni caso, PerroLobo non sar\u00e0 responsabile delle opinioni espresse dagli utenti attraverso i commenti o altri strumenti di blogging o partecipazione eventualmente esistenti.<\/p>\n\n\n\n<p class=\"wp-block-paragraph\">Il semplice accesso a questo Sito Web non implica alcun tipo di rapporto commerciale tra PerroLobo e l'Utente.<\/p>\n\n\n\n<p class=\"wp-block-paragraph\">In conformit\u00e0 alla normativa vigente, il presente sito web di PerroLobo \u00e8 destinato a tutte le persone, indipendentemente dalla loro et\u00e0, che possono accedere e\/o navigare nelle pagine del sito.<\/p>\n\n\n\n<h3 class=\"wp-block-heading\">III. ACCESSO E NAVIGAZIONE SUL SITO WEB: ESCLUSIONE DI GARANZIE E RESPONSABILIT\u00c0<\/h3>\n\n\n\n<p class=\"wp-block-paragraph\">PerroLobo non garantisce la continuit\u00e0, la disponibilit\u00e0 o l'utilit\u00e0 del Sito Web, n\u00e9 dei Contenuti o dei Servizi. PerroLobo far\u00e0 il possibile per garantire il corretto funzionamento del Sito, tuttavia non \u00e8 responsabile e non garantisce che l'accesso al Sito non sia ininterrotto o privo di errori.<\/p>\n\n\n\n<p class=\"wp-block-paragraph\">PerroLobo non \u00e8 responsabile n\u00e9 garantisce che il contenuto o il software a cui si pu\u00f2 accedere attraverso questo Sito sia privo di errori o che provochi danni al sistema informatico (software e hardware) dell'Utente. In nessun caso PerroLobo sar\u00e0 responsabile di eventuali perdite, danni o pregiudizi di qualsiasi tipo derivanti dall'accesso, dalla navigazione e dall'utilizzo del Sito web, compresi, a titolo esemplificativo e non esaustivo, quelli causati ai sistemi informatici o quelli causati dall'introduzione di virus.<\/p>\n\n\n\n<p class=\"wp-block-paragraph\">PerroLobo non \u00e8 inoltre responsabile di eventuali danni che possono essere causati agli utenti da un uso improprio di questo sito web. In particolare, PerroLobo non \u00e8 responsabile in alcun modo di eventuali guasti, interruzioni, errori o difetti di telecomunicazione che potrebbero verificarsi.<\/p>\n\n\n\n<h3 class=\"wp-block-heading\">IV. POLITICA DI COLLEGAMENTO<\/h3>\n\n\n\n<p class=\"wp-block-paragraph\">PerroLobo non offre o commercializza, direttamente o tramite terzi, i prodotti e\/o i servizi disponibili su tali siti collegati.<\/p>\n\n\n\n<p class=\"wp-block-paragraph\">L'Utente o i terzi che effettuano un collegamento ipertestuale da una pagina web di un altro sito, diverso, al Sito PerroLobo devono essere consapevoli che:<\/p>\n\n\n\n<p class=\"wp-block-paragraph\">Non \u00e8 consentita la riproduzione - totale o parziale - dei Contenuti e\/o dei Servizi del Sito web senza l'espressa autorizzazione di PerroLobo.<\/p>\n\n\n\n<p class=\"wp-block-paragraph\">Non \u00e8 consentita alcuna dichiarazione falsa, imprecisa o inesatta sul Sito Web PerroLobo, o sui Contenuti e\/o Servizi dello stesso.<\/p>\n\n\n\n<p class=\"wp-block-paragraph\">Ad eccezione del collegamento ipertestuale, il sito web sul quale viene stabilito il collegamento ipertestuale non conterr\u00e0 alcun elemento di questo sito web protetto come propriet\u00e0 intellettuale dalla legge spagnola, salvo espressa autorizzazione di PerroLobo.<\/p>\n\n\n\n<p class=\"wp-block-paragraph\">La creazione del collegamento ipertestuale non implica l'esistenza di una relazione tra PerroLobo e il proprietario del sito web da cui viene effettuato, n\u00e9 la conoscenza e l'accettazione da parte di PerroLobo dei contenuti, dei servizi e\/o delle attivit\u00e0 offerte in tale sito web, e viceversa.<\/p>\n\n\n\n<h3 class=\"wp-block-heading\">V. PROPRIET\u00c0 INTELLETTUALE E INDUSTRIALE<\/h3>\n\n\n\n<p class=\"wp-block-paragraph\">PerroLobo stesso o in qualit\u00e0 di cessionario, \u00e8 titolare di tutti i diritti di propriet\u00e0 intellettuale e industriale del Sito web, nonch\u00e9 degli elementi in esso contenuti (tra cui, a titolo esemplificativo e non esaustivo, immagini, suoni, audio, video, software o testi, marchi o loghi, combinazioni di colori, struttura e design, selezione dei materiali utilizzati, programmi informatici necessari al suo funzionamento, accesso e utilizzo, ecc.) Si tratta, pertanto, di opere protette come propriet\u00e0 intellettuale dall'ordinamento giuridico spagnolo, essendo ad esse applicabili sia la normativa spagnola e comunitaria in materia, sia i trattati internazionali relativi alla materia e sottoscritti dalla Spagna.<\/p>\n\n\n\n<p class=\"wp-block-paragraph\">Tutti i diritti riservati. In virt\u00f9 delle disposizioni della Legge sulla Propriet\u00e0 Intellettuale, sono espressamente vietate la riproduzione, la distribuzione e la comunicazione pubblica, compresa la messa a disposizione, di tutto o parte del contenuto di questo sito web, a fini commerciali, su qualsiasi supporto e con qualsiasi mezzo tecnico, senza l'autorizzazione di PerroLobo.<\/p>\n\n\n\n<p class=\"wp-block-paragraph\">L'Utente si impegna a rispettare i diritti di propriet\u00e0 intellettuale e industriale di PerroLobo. L'Utente pu\u00f2 visualizzare gli elementi del Sito web o anche stamparli, copiarli e memorizzarli sul disco rigido del proprio computer o su qualsiasi altro supporto fisico, purch\u00e9 sia esclusivamente per uso personale. L'Utente, tuttavia, non pu\u00f2 rimuovere, alterare o manipolare alcun dispositivo di protezione o sistema di sicurezza installato sul Sito web.<\/p>\n\n\n\n<p class=\"wp-block-paragraph\">Nel caso in cui l'Utente o un terzo ritenga che uno qualsiasi dei Contenuti del Sito Web comporti una violazione dei diritti di protezione della propriet\u00e0 intellettuale, dovr\u00e0 informare immediatamente PerroLobo attraverso i recapiti indicati nella sezione INFORMAZIONI GENERALI del presente Avviso legale e Condizioni generali di utilizzo.<\/p>\n\n\n\n<h3 class=\"wp-block-heading\">VI. AZIONI LEGALI, LEGGE APPLICABILE E GIURISDIZIONE<\/h3>\n\n\n\n<p class=\"wp-block-paragraph\">PerroLobo si riserva il diritto di intraprendere qualsiasi azione civile o penale che ritenga necessaria per l'uso improprio del Sito e dei suoi Contenuti, o per la violazione delle presenti Condizioni.<\/p>\n\n\n\n<p class=\"wp-block-paragraph\">Il rapporto tra l'Utente e PerroLobo sar\u00e0 regolato dalle norme vigenti e applicabili nel territorio spagnolo. In caso di controversie relative all'interpretazione e\/o all'applicazione delle presenti Condizioni, le parti sottoporranno i loro conflitti alla giurisdizione ordinaria, sottoponendosi ai giudici e ai tribunali corrispondenti secondo la legge.<\/p>","protected":false},"excerpt":{"rendered":"<p>I. INFORMACI\u00d3N GENERAL En cumplimiento con el deber de informaci\u00f3n  [&#8230;]<\/p>\n","protected":false},"author":1,"featured_media":0,"parent":0,"menu_order":0,"comment_status":"closed","ping_status":"closed","template":"","meta":{"_crdt_document":"","footnotes":""},"class_list":["post-177","page","type-page","status-publish","hentry"],"yoast_head":"<!-- This site is optimized with the Yoast SEO Premium plugin v24.4 (Yoast SEO v27.3) - https:\/\/yoast.com\/product\/yoast-seo-premium-wordpress\/ -->\n<title>Aviso legal - Perro Lobo<\/title>\n<meta name=\"robots\" content=\"index, follow, max-snippet:-1, max-image-preview:large, max-video-preview:-1\" \/>\n<link rel=\"canonical\" href=\"https:\/\/perrolobo.org\/it\/avviso-legale\/\" \/>\n<meta property=\"og:locale\" content=\"it_IT\" \/>\n<meta property=\"og:type\" content=\"article\" \/>\n<meta property=\"og:title\" content=\"Aviso legal\" \/>\n<meta property=\"og:description\" content=\"I. INFORMACI\u00d3N GENERAL En cumplimiento con el deber de informaci\u00f3n [...]\" \/>\n<meta property=\"og:url\" content=\"https:\/\/perrolobo.org\/it\/avviso-legale\/\" \/>\n<meta property=\"og:site_name\" content=\"Perro Lobo\" \/>\n<meta name=\"twitter:card\" content=\"summary_large_image\" \/>\n<meta name=\"twitter:label1\" content=\"Tempo di lettura stimato\" \/>\n\t<meta name=\"twitter:data1\" content=\"7 minuti\" \/>\n<script type=\"application\/ld+json\" class=\"yoast-schema-graph\">{\"@context\":\"https:\\\/\\\/schema.org\",\"@graph\":[{\"@type\":\"WebPage\",\"@id\":\"https:\\\/\\\/perrolobo.org\\\/en\\\/legal-notice\\\/\",\"url\":\"https:\\\/\\\/perrolobo.org\\\/en\\\/legal-notice\\\/\",\"name\":\"Aviso legal - Perro Lobo\",\"isPartOf\":{\"@id\":\"https:\\\/\\\/perrolobo.org\\\/fr\\\/#website\"},\"datePublished\":\"2023-06-29T01:25:43+00:00\",\"breadcrumb\":{\"@id\":\"https:\\\/\\\/perrolobo.org\\\/en\\\/legal-notice\\\/#breadcrumb\"},\"inLanguage\":\"it-IT\",\"potentialAction\":[{\"@type\":\"ReadAction\",\"target\":[\"https:\\\/\\\/perrolobo.org\\\/en\\\/legal-notice\\\/\"]}]},{\"@type\":\"BreadcrumbList\",\"@id\":\"https:\\\/\\\/perrolobo.org\\\/en\\\/legal-notice\\\/#breadcrumb\",\"itemListElement\":[{\"@type\":\"ListItem\",\"position\":1,\"name\":\"Portada\",\"item\":\"https:\\\/\\\/perrolobo.org\\\/fr\\\/\"},{\"@type\":\"ListItem\",\"position\":2,\"name\":\"Aviso legal\"}]},{\"@type\":\"WebSite\",\"@id\":\"https:\\\/\\\/perrolobo.org\\\/fr\\\/#website\",\"url\":\"https:\\\/\\\/perrolobo.org\\\/fr\\\/\",\"name\":\"Perro Lobo\",\"description\":\"Razas de Perro m\u00e1s cercanas a los Lobos\",\"potentialAction\":[{\"@type\":\"SearchAction\",\"target\":{\"@type\":\"EntryPoint\",\"urlTemplate\":\"https:\\\/\\\/perrolobo.org\\\/fr\\\/?s={search_term_string}\"},\"query-input\":{\"@type\":\"PropertyValueSpecification\",\"valueRequired\":true,\"valueName\":\"search_term_string\"}}],\"inLanguage\":\"it-IT\"}]}<\/script>\n<!-- \/ Yoast SEO Premium plugin. -->","yoast_head_json":{"title":"Avviso legale - Perro Lobo","robots":{"index":"index","follow":"follow","max-snippet":"max-snippet:-1","max-image-preview":"max-image-preview:large","max-video-preview":"max-video-preview:-1"},"canonical":"https:\/\/perrolobo.org\/it\/avviso-legale\/","og_locale":"it_IT","og_type":"article","og_title":"Aviso legal","og_description":"I. INFORMACI\u00d3N GENERAL En cumplimiento con el deber de informaci\u00f3n [...]","og_url":"https:\/\/perrolobo.org\/it\/avviso-legale\/","og_site_name":"Perro Lobo","twitter_card":"summary_large_image","twitter_misc":{"Tempo di lettura stimato":"7 minuti"},"schema":{"@context":"https:\/\/schema.org","@graph":[{"@type":"WebPage","@id":"https:\/\/perrolobo.org\/en\/legal-notice\/","url":"https:\/\/perrolobo.org\/en\/legal-notice\/","name":"Avviso legale - Perro Lobo","isPartOf":{"@id":"https:\/\/perrolobo.org\/fr\/#website"},"datePublished":"2023-06-29T01:25:43+00:00","breadcrumb":{"@id":"https:\/\/perrolobo.org\/en\/legal-notice\/#breadcrumb"},"inLanguage":"it-IT","potentialAction":[{"@type":"ReadAction","target":["https:\/\/perrolobo.org\/en\/legal-notice\/"]}]},{"@type":"BreadcrumbList","@id":"https:\/\/perrolobo.org\/en\/legal-notice\/#breadcrumb","itemListElement":[{"@type":"ListItem","position":1,"name":"Portada","item":"https:\/\/perrolobo.org\/fr\/"},{"@type":"ListItem","position":2,"name":"Aviso legal"}]},{"@type":"WebSite","@id":"https:\/\/perrolobo.org\/fr\/#website","url":"https:\/\/perrolobo.org\/fr\/","name":"Cane lupo","description":"Le razze di cani pi\u00f9 vicine ai lupi","potentialAction":[{"@type":"SearchAction","target":{"@type":"EntryPoint","urlTemplate":"https:\/\/perrolobo.org\/fr\/?s={search_term_string}"},"query-input":{"@type":"PropertyValueSpecification","valueRequired":true,"valueName":"search_term_string"}}],"inLanguage":"it-IT"}]}},"_links":{"self":[{"href":"https:\/\/perrolobo.org\/it\/wp-json\/wp\/v2\/pages\/177","targetHints":{"allow":["GET"]}}],"collection":[{"href":"https:\/\/perrolobo.org\/it\/wp-json\/wp\/v2\/pages"}],"about":[{"href":"https:\/\/perrolobo.org\/it\/wp-json\/wp\/v2\/types\/page"}],"author":[{"embeddable":true,"href":"https:\/\/perrolobo.org\/it\/wp-json\/wp\/v2\/users\/1"}],"replies":[{"embeddable":true,"href":"https:\/\/perrolobo.org\/it\/wp-json\/wp\/v2\/comments?post=177"}],"version-history":[{"count":0,"href":"https:\/\/perrolobo.org\/it\/wp-json\/wp\/v2\/pages\/177\/revisions"}],"wp:attachment":[{"href":"https:\/\/perrolobo.org\/it\/wp-json\/wp\/v2\/media?parent=177"}],"curies":[{"name":"wp","href":"https:\/\/api.w.org\/{rel}","templated":true}]}}